{"id":10,"date":"2022-07-28T12:15:18","date_gmt":"2022-07-28T12:15:18","guid":{"rendered":"https:\/\/catedradialogosocial.zeus.umh.es\/presentacion\/"},"modified":"2022-07-28T12:27:51","modified_gmt":"2022-07-28T12:27:51","slug":"home","status":"publish","type":"page","link":"https:\/\/catedradialogosocial.umh.es\/ca\/","title":{"rendered":"Home"},"content":{"rendered":"","protected":false},"excerpt":{"rendered":"<p>P\u00e1gina de presentaci\u00f3n de la unidad organizativa<\/p>\n","protected":false},"author":1,"featured_media":0,"parent":0,"menu_order":0,"comment_status":"closed","ping_status":"open","template":"","meta":{"_links_to":"","_links_to_target":""},"yoast_head":"<!-- This site is optimized with the Yoast SEO plugin v17.5 - https:\/\/yoast.com\/wordpress\/plugins\/seo\/ -->\n<meta name=\"robots\" content=\"index, follow, max-snippet:-1, max-image-preview:large, max-video-preview:-1\" \/>\n<link rel=\"canonical\" href=\"https:\/\/catedradialogosocial.umh.es\/ca\/\" \/>\n<meta property=\"og:locale\" content=\"ca_ES\" \/>\n<meta property=\"og:type\" content=\"article\" \/>\n<meta property=\"og:title\" content=\"Home - C\u00e1tedra Interuniversitaria de Di\u00e1logo Social\" \/>\n<meta property=\"og:description\" content=\"P\u00e1gina de presentaci\u00f3n de la unidad organizativa\" \/>\n<meta property=\"og:url\" content=\"https:\/\/catedradialogosocial.umh.es\/\" \/>\n<meta property=\"og:site_name\" content=\"C\u00e1tedra Interuniversitaria de Di\u00e1logo Social\" \/>\n<meta property=\"article:modified_time\" content=\"2022-07-28T12:27:51+00:00\" \/>\n<meta name=\"twitter:card\" content=\"summary_large_image\" \/>\n<meta name=\"twitter:site\" content=\"@CatSocialUMH\" \/>\n<script type=\"application\/ld+json\" class=\"yoast-schema-graph\">{\"@context\":\"https:\/\/schema.org\",\"@graph\":[{\"@type\":\"Organization\",\"@id\":\"https:\/\/catedradialogosocial.umh.es\/#organization\",\"name\":\"Universidad Miguel Hern\\u00e1ndez de Elche\",\"url\":\"https:\/\/catedradialogosocial.umh.es\/\",\"sameAs\":[\"https:\/\/catedradialogosocial.umh.es\/@CatSocialUMH\",\"https:\/\/catedradialogosocial.umh.es\/c\\u00e1tedradialogosocial-umh\",\"https:\/\/twitter.com\/CatSocialUMH\"],\"logo\":{\"@type\":\"ImageObject\",\"@id\":\"https:\/\/catedradialogosocial.umh.es\/#logo\",\"inLanguage\":\"ca\",\"url\":\"https:\/\/catedradialogosocial.umh.es\/files\/2022\/09\/cropped-cover-logo-original.jpg\",\"contentUrl\":\"https:\/\/catedradialogosocial.umh.es\/files\/2022\/09\/cropped-cover-logo-original.jpg\",\"width\":512,\"height\":512,\"caption\":\"Universidad Miguel Hern\\u00e1ndez de Elche\"},\"image\":{\"@id\":\"https:\/\/catedradialogosocial.umh.es\/#logo\"}},{\"@type\":\"WebSite\",\"@id\":\"https:\/\/catedradialogosocial.umh.es\/#website\",\"url\":\"https:\/\/catedradialogosocial.umh.es\/\",\"name\":\"C\\u00e1tedra Interuniversitaria de Di\\u00e1logo Social\",\"description\":\"Universidad Miguel Hern\\u00e1ndez de Elche\",\"publisher\":{\"@id\":\"https:\/\/catedradialogosocial.umh.es\/#organization\"},\"potentialAction\":[{\"@type\":\"SearchAction\",\"target\":{\"@type\":\"EntryPoint\",\"urlTemplate\":\"https:\/\/catedradialogosocial.umh.es\/?s={search_term_string}\"},\"query-input\":\"required name=search_term_string\"}],\"inLanguage\":\"ca\"},{\"@type\":\"WebPage\",\"@id\":\"https:\/\/catedradialogosocial.umh.es\/#webpage\",\"url\":\"https:\/\/catedradialogosocial.umh.es\/\",\"name\":\"Home - C\\u00e1tedra Interuniversitaria de Di\\u00e1logo Social\",\"isPartOf\":{\"@id\":\"https:\/\/catedradialogosocial.umh.es\/#website\"},\"datePublished\":\"2022-07-28T12:15:18+00:00\",\"dateModified\":\"2022-07-28T12:27:51+00:00\",\"breadcrumb\":{\"@id\":\"https:\/\/catedradialogosocial.umh.es\/#breadcrumb\"},\"inLanguage\":\"ca\",\"potentialAction\":[{\"@type\":\"ReadAction\",\"target\":[\"https:\/\/catedradialogosocial.umh.es\/\"]}]},{\"@type\":\"BreadcrumbList\",\"@id\":\"https:\/\/catedradialogosocial.umh.es\/#breadcrumb\",\"itemListElement\":[{\"@type\":\"ListItem\",\"position\":1,\"name\":\"Portada\",\"item\":\"https:\/\/catedradialogosocial.umh.es\/\"},{\"@type\":\"ListItem\",\"position\":2,\"name\":\"Home\"}]}]}<\/script>\n<!-- \/ Yoast SEO plugin. -->","yoast_head_json":{"robots":{"index":"index","follow":"follow","max-snippet":"max-snippet:-1","max-image-preview":"max-image-preview:large","max-video-preview":"max-video-preview:-1"},"canonical":"https:\/\/catedradialogosocial.umh.es\/ca\/","og_locale":"ca_ES","og_type":"article","og_title":"Home - C\u00e1tedra Interuniversitaria de Di\u00e1logo Social","og_description":"P\u00e1gina de presentaci\u00f3n de la unidad organizativa","og_url":"https:\/\/catedradialogosocial.umh.es\/","og_site_name":"C\u00e1tedra Interuniversitaria de Di\u00e1logo Social","article_modified_time":"2022-07-28T12:27:51+00:00","twitter_card":"summary_large_image","twitter_site":"@CatSocialUMH","schema":{"@context":"https:\/\/schema.org","@graph":[{"@type":"Organization","@id":"https:\/\/catedradialogosocial.umh.es\/#organization","name":"Universidad Miguel Hern\u00e1ndez de Elche","url":"https:\/\/catedradialogosocial.umh.es\/","sameAs":["https:\/\/catedradialogosocial.umh.es\/@CatSocialUMH","https:\/\/catedradialogosocial.umh.es\/c\u00e1tedradialogosocial-umh","https:\/\/twitter.com\/CatSocialUMH"],"logo":{"@type":"ImageObject","@id":"https:\/\/catedradialogosocial.umh.es\/#logo","inLanguage":"ca","url":"https:\/\/catedradialogosocial.umh.es\/files\/2022\/09\/cropped-cover-logo-original.jpg","contentUrl":"https:\/\/catedradialogosocial.umh.es\/files\/2022\/09\/cropped-cover-logo-original.jpg","width":512,"height":512,"caption":"Universidad Miguel Hern\u00e1ndez de Elche"},"image":{"@id":"https:\/\/catedradialogosocial.umh.es\/#logo"}},{"@type":"WebSite","@id":"https:\/\/catedradialogosocial.umh.es\/#website","url":"https:\/\/catedradialogosocial.umh.es\/","name":"C\u00e1tedra Interuniversitaria de Di\u00e1logo Social","description":"Universidad Miguel Hern\u00e1ndez de Elche","publisher":{"@id":"https:\/\/catedradialogosocial.umh.es\/#organization"},"potentialAction":[{"@type":"SearchAction","target":{"@type":"EntryPoint","urlTemplate":"https:\/\/catedradialogosocial.umh.es\/?s={search_term_string}"},"query-input":"required name=search_term_string"}],"inLanguage":"ca"},{"@type":"WebPage","@id":"https:\/\/catedradialogosocial.umh.es\/#webpage","url":"https:\/\/catedradialogosocial.umh.es\/","name":"Home - C\u00e1tedra Interuniversitaria de Di\u00e1logo Social","isPartOf":{"@id":"https:\/\/catedradialogosocial.umh.es\/#website"},"datePublished":"2022-07-28T12:15:18+00:00","dateModified":"2022-07-28T12:27:51+00:00","breadcrumb":{"@id":"https:\/\/catedradialogosocial.umh.es\/#breadcrumb"},"inLanguage":"ca","potentialAction":[{"@type":"ReadAction","target":["https:\/\/catedradialogosocial.umh.es\/"]}]},{"@type":"BreadcrumbList","@id":"https:\/\/catedradialogosocial.umh.es\/#breadcrumb","itemListElement":[{"@type":"ListItem","position":1,"name":"Portada","item":"https:\/\/catedradialogosocial.umh.es\/"},{"@type":"ListItem","position":2,"name":"Home"}]}]}},"_links":{"self":[{"href":"https:\/\/catedradialogosocial.umh.es\/ca\/wp-json\/wp\/v2\/pages\/10"}],"collection":[{"href":"https:\/\/catedradialogosocial.umh.es\/ca\/wp-json\/wp\/v2\/pages"}],"about":[{"href":"https:\/\/catedradialogosocial.umh.es\/ca\/wp-json\/wp\/v2\/types\/page"}],"author":[{"embeddable":true,"href":"https:\/\/catedradialogosocial.umh.es\/ca\/wp-json\/wp\/v2\/users\/1"}],"replies":[{"embeddable":true,"href":"https:\/\/catedradialogosocial.umh.es\/ca\/wp-json\/wp\/v2\/comments?post=10"}],"version-history":[{"count":0,"href":"https:\/\/catedradialogosocial.umh.es\/ca\/wp-json\/wp\/v2\/pages\/10\/revisions"}],"wp:attachment":[{"href":"https:\/\/catedradialogosocial.umh.es\/ca\/wp-json\/wp\/v2\/media?parent=10"}],"curies":[{"name":"wp","href":"https:\/\/api.w.org\/{rel}","templated":true}]}}